{"id":34,"date":"2023-03-27T17:17:12","date_gmt":"2023-03-27T15:17:12","guid":{"rendered":"https:\/\/ateliercorporate.com\/?page_id=34"},"modified":"2023-03-28T22:54:12","modified_gmt":"2023-03-28T20:54:12","slug":"contact","status":"publish","type":"page","link":"https:\/\/ateliercorporate.com\/?page_id=34","title":{"rendered":"DEVIS \/ CONTACT"},"content":{"rendered":"\n    <div\n      class=\"alignfull flex-block flex-block--blockID--15377\"\n      data-block-id=\"blockID--15377\" \n      id=\"flex-blockid--15377\"\n      \n    >\n    <style> @media only screen and (min-width: 768px) { .flex-block--blockID--15377 { --html-font-size: 1.25vw; --height:26.6015em; --bg-color: var(--scheme_1--background--default); --margin-top: 0em; --margin-bottom: 0em; } } @media only screen and (max-width: 767px) { .flex-block--blockID--15377 { --html-font-size: 4.2666666666667vw; --height: 46.6667em; --bg-color: var(--scheme_1--background--default); --margin-top: 0em; --margin-bottom: 0em; } } <\/style>\n    <div class=\"flex-block__main-container server-rendered\"><style> .flex-block__element--block-blockID--15377.flex-block__element--element_id_41740, .flex-element-animation-helper[data-id='element_id_41740'][data-block-id='blockID--15377'] { --el-width: 80em; --el-width-tablet: 80em; --el-height: 20.85086em; --el-height-tablet: 20.85086em; --el-actual-height: 20.85086em; --el-actual-height-tablet: 20.85086em; --position-top: 0em; --position-top-tablet: 0em; --position-left: 0em; --position-left-tablet: 0em; --rotateDeg: 0deg; --z-index: 1; opacity: 1;--border-radius: 0px; --object-size: cover; --object-position-x: 0%; --object-position-y: 68.215694870671%; } @media only screen and (max-width: 767px) { .flex-block__element--block-blockID--15377.flex-block__element--element_id_41740, .flex-element-animation-helper[data-id='element_id_41740'][data-block-id='blockID--15377'] { --el-width: 23.4375em; --el-width-tablet: 23.4375em; --el-height: 24.375em; --el-height-tablet: 24.375em; --el-actual-height: 24.375em; --el-actual-height-tablet: 24.375em; --position-top: 0em; --position-top-tablet: 0em; --position-left: 0em; --position-left-tablet: 0em; --rotateDeg: 0deg; --z-index: 1; opacity: 1;--border-radius: 0px; --object-size: cover; --object-position-x: 50%; --object-position-y: 50%; } } \/*ANIMATION START*\/\/*ANIMATION END*\/ .flex-block__element--block-blockID--15377.flex-block__element--element_id_63478, .flex-element-animation-helper[data-id='element_id_63478'][data-block-id='blockID--15377'] { --el-width: 43.89242em; --el-width-tablet: 43.89242em; --el-height: 1.09535em; --el-height-tablet: 1.09535em; --el-actual-height: 1.09535em; --el-actual-height-tablet: 1.09535em; --position-top: 1.21271em; --position-top-tablet: 1.21271em; --position-left: 18.09291em; --position-left-tablet: 18.09291em; --rotateDeg: 0deg; --z-index: 5; --border-radius: 0px; --text-vertical-align: flex-start; --text-align: center; --el-height: auto; --el-paddings: 0em 0em; } @media only screen and (max-width: 767px) { .flex-block__element--block-blockID--15377.flex-block__element--element_id_63478, .flex-element-animation-helper[data-id='element_id_63478'][data-block-id='blockID--15377'] { --el-width: 19.6875em; --el-width-tablet: 19.6875em; --el-height: 1.09524em; --el-height-tablet: 1.09524em; --el-actual-height: 1.09524em; --el-actual-height-tablet: 1.09524em; --position-top: 7.40278em; --position-top-tablet: 7.40278em; --position-left: 1.875em; --position-left-tablet: 1.875em; --rotateDeg: 0deg; --z-index: 5; --border-radius: 0px; --text-vertical-align: flex-start; --text-align: center; --el-height: auto; --el-paddings: 0em 0em; } } \/*ANIMATION START*\/\/*ANIMATION END*\/ .flex-block__element--block-blockID--15377.flex-block__element--element_id_86598, .flex-element-animation-helper[data-id='element_id_86598'][data-block-id='blockID--15377'] { --el-width: 33.13447em; --el-width-tablet: 33.13447em; --el-height: 5.47677em; --el-height-tablet: 5.47677em; --el-actual-height: 5.47677em; --el-actual-height-tablet: 5.47677em; --position-top: 2.30807em; --position-top-tablet: 2.30807em; --position-left: 23.45232em; --position-left-tablet: 23.45232em; --rotateDeg: 0deg; --z-index: 4; --border-radius: 0px; --text-vertical-align: flex-start; --text-align: center; --el-height: auto; --el-paddings: 0em 0em; } @media only screen and (max-width: 767px) { .flex-block__element--block-blockID--15377.flex-block__element--element_id_86598, .flex-element-animation-helper[data-id='element_id_86598'][data-block-id='blockID--15377'] { --el-width: 19.6875em; --el-width-tablet: 19.6875em; --el-height: 2.42857em; --el-height-tablet: 2.42857em; --el-actual-height: 2.42857em; --el-actual-height-tablet: 2.42857em; --position-top: 9.16667em; --position-top-tablet: 9.16667em; --position-left: 1.875em; --position-left-tablet: 1.875em; --rotateDeg: 0deg; --z-index: 4; --border-radius: 0px; --text-vertical-align: flex-start; --text-align: center; --el-height: auto; --el-paddings: 0em 0em; } } \/*ANIMATION START*\/\/*ANIMATION END*\/ .flex-block__element--block-blockID--15377.flex-block__element--element_id_98788, .flex-element-animation-helper[data-id='element_id_98788'][data-block-id='blockID--15377'] { --el-width: 68.7335em; --el-width-tablet: 68.7335em; --el-height: 7.86308em; --el-height-tablet: 7.86308em; --el-actual-height: 7.86308em; --el-actual-height-tablet: 7.86308em; --position-top: 18.50367em; --position-top-tablet: 18.50367em; --position-left: 5.65281em; --position-left-tablet: 5.65281em; --rotateDeg: 0deg; --z-index: 2; --border-radius: 0px; --backgroundColor: var(--scheme_1--background--accent); } @media only screen and (max-width: 767px) { .flex-block__element--block-blockID--15377.flex-block__element--element_id_98788, .flex-element-animation-helper[data-id='element_id_98788'][data-block-id='blockID--15377'] { --el-width: 19.6875em; --el-width-tablet: 19.6875em; --el-height: 23.48267em; --el-height-tablet: 23.48267em; --el-actual-height: 23.48267em; --el-actual-height-tablet: 23.48267em; --position-top: 21.06667em; --position-top-tablet: 21.06667em; --position-left: 1.87499em; --position-left-tablet: 1.87499em; --rotateDeg: 0deg; --z-index: 2; --border-radius: 0px; --backgroundColor: var(--scheme_1--background--accent); } } \/*ANIMATION START*\/\/*ANIMATION END*\/\/*ANIMATION START*\/\/*ANIMATION END*\/ .flex-block__element--block-blockID--15377.flex-block__element--element_id_54374, .flex-element-animation-helper[data-id='element_id_54374'][data-block-id='blockID--15377'] { --el-width: 49.99511em; --el-width-tablet: 49.99511em; --el-height: 5.16381em; --el-height-tablet: 5.16381em; --el-actual-height: 5.16381em; --el-actual-height-tablet: 5.16381em; --position-top: 19.8533em; --position-top-tablet: 19.8533em; --position-left: 15.00244em; --position-left-tablet: 15.00244em; --rotateDeg: 0deg; --z-index: 3; --border-radius: 0px; --text-vertical-align: flex-start; --text-align: center; --el-height: auto; --el-paddings: 0em 0em; } @media only screen and (max-width: 767px) { .flex-block__element--block-blockID--15377.flex-block__element--element_id_54374, .flex-element-animation-helper[data-id='element_id_54374'][data-block-id='blockID--15377'] { --el-width: 16.0625em; --el-width-tablet: 16.0625em; --el-height: 20.57143em; --el-height-tablet: 20.57143em; --el-actual-height: 20.57143em; --el-actual-height-tablet: 20.57143em; --position-top: 23.5em; --position-top-tablet: 23.5em; --position-left: 3.6875em; --position-left-tablet: 3.6875em; --rotateDeg: 0deg; --z-index: 3; --border-radius: 0px; --text-vertical-align: flex-start; --text-align: center; --el-height: auto; --el-paddings: 0em 0em; } } \/*ANIMATION START*\/\/*ANIMATION END*\/<\/style><div\n    class=\"flex-block__element flex-block__element--element_id_41740 flex-block__element--image    flex-block__element--block-blockID--15377   flex-block__element--synced \"\n    style=\"\n  \"><img class=\"flex-img-tag \" alt=\"photographe corporate paris\" sizes=\"(max-width: 767px) calc(23.4375 * 4.2666666666667vw), calc(80 * 1.25vw)\" data-srcset=\"https:\/\/ateliercorporate.com\/wp-content\/uploads\/2023\/03\/photographe-entreprise-paris-03.jpg 1417w, https:\/\/ateliercorporate.com\/wp-content\/uploads\/2023\/03\/photographe-entreprise-paris-03-300x200.jpg 300w, https:\/\/ateliercorporate.com\/wp-content\/uploads\/2023\/03\/photographe-entreprise-paris-03-1024x683.jpg 1024w, https:\/\/ateliercorporate.com\/wp-content\/uploads\/2023\/03\/photographe-entreprise-paris-03-768x512.jpg 768w\"  data-src=\"https:\/\/ateliercorporate.com\/wp-content\/uploads\/2023\/03\/photographe-entreprise-paris-03.jpg\" \/><\/div>\n    <div class=\"flex-block__element flex-block__element--element_id_63478 flex-block__element--text  flex-block__element--block-blockID--15377  flex-block__element--editorTagsFix  flex-block__element--synced \" style=\"\">\n      <div data-font='third_level\/overline_1' class=\"flex-block__text-content  height-auto\">\n        <p><span style=\"color:rgb(255, 255, 255)\">Paris & IDF<\/span><\/p>\n      <\/div>\n    <\/div>\n  \n    <div class=\"flex-block__element flex-block__element--element_id_86598 flex-block__element--text  flex-block__element--block-blockID--15377  flex-block__element--editorTagsFix  flex-block__element--synced \" style=\"\">\n      <div data-font='title_1\/large' class=\"flex-block__text-content  height-auto\">\n        <p><span style=\"color:rgb(255, 255, 255)\">Votre photographe Corporate.<\/span><\/p>\n      <\/div>\n    <\/div>\n  <script data-element-id=\"flex-block__element--element_id_98788\" data-element-device=\"desktop\" type=\"text\/template\">&lt;div class=&quot;flex-block__element flex-block__element--element_id_98788 flex-block__element--shape   flex-block__element--block-blockID--15377  &quot; style=&quot;&quot;&gt;&lt;\/div&gt;<\/script><script data-element-id=\"flex-block__element--element_id_98788\" data-element-device=\"mobile\" type=\"text\/template\">&lt;div class=&quot;flex-block__element flex-block__element--element_id_98788 flex-block__element--shape   flex-block__element--block-blockID--15377  &quot; style=&quot;&quot;&gt;&lt;\/div&gt;<\/script>\n    <div class=\"flex-block__element flex-block__element--element_id_54374 flex-block__element--text  flex-block__element--block-blockID--15377  flex-block__element--editorTagsFix  flex-block__element--synced \" style=\"\">\n      <div data-font='second_level\/paragraph' class=\"flex-block__text-content  height-auto\">\n        <p><span style=\"color:var(--scheme_1--text--accent)\">Plus de 1000 portraits pour plus de 100 entreprises !<\/span><\/p><p><span style=\"color:var(--scheme_1--text--accent)\">Et bient\u00f4t, vous, votre \u00e9quipe, votre \u00e9v\u00e8nement, vos produits...<\/span><\/p><p><span style=\"color:var(--scheme_1--text--accent)\">LET'S GO !<\/span><\/p>\n      <\/div>\n    <\/div>\n  <\/div><\/div>\n\n","protected":false},"excerpt":{"rendered":"","protected":false},"author":1,"featured_media":0,"parent":0,"menu_order":0,"comment_status":"closed","ping_status":"closed","template":"","meta":{"footnotes":""},"class_list":["post-34","page","type-page","status-publish","hentry"],"fbg_featured_image_src":{"full":false,"thumbnail":false,"medium":false,"medium_large":false,"large":false,"1536x1536":false,"2048x2048":false},"fbg_excerpt":null,"_links":{"self":[{"href":"https:\/\/ateliercorporate.com\/index.php?rest_route=\/wp\/v2\/pages\/34","targetHints":{"allow":["GET"]}}],"collection":[{"href":"https:\/\/ateliercorporate.com\/index.php?rest_route=\/wp\/v2\/pages"}],"about":[{"href":"https:\/\/ateliercorporate.com\/index.php?rest_route=\/wp\/v2\/types\/page"}],"author":[{"embeddable":true,"href":"https:\/\/ateliercorporate.com\/index.php?rest_route=\/wp\/v2\/users\/1"}],"replies":[{"embeddable":true,"href":"https:\/\/ateliercorporate.com\/index.php?rest_route=%2Fwp%2Fv2%2Fcomments&post=34"}],"version-history":[{"count":8,"href":"https:\/\/ateliercorporate.com\/index.php?rest_route=\/wp\/v2\/pages\/34\/revisions"}],"predecessor-version":[{"id":125,"href":"https:\/\/ateliercorporate.com\/index.php?rest_route=\/wp\/v2\/pages\/34\/revisions\/125"}],"wp:attachment":[{"href":"https:\/\/ateliercorporate.com\/index.php?rest_route=%2Fwp%2Fv2%2Fmedia&parent=34"}],"curies":[{"name":"wp","href":"https:\/\/api.w.org\/{rel}","templated":true}]}}